{"id":657,"date":"2025-05-23T09:08:32","date_gmt":"2025-05-23T07:08:32","guid":{"rendered":"http:\/\/naowilcox2.desarrollowebda.com\/?page_id=657"},"modified":"2026-04-27T14:53:40","modified_gmt":"2026-04-27T12:53:40","slug":"aviso-legal","status":"publish","type":"page","link":"https:\/\/naowilcox.com\/en\/aviso-legal\/","title":{"rendered":"Legal Notice"},"content":{"rendered":"<div data-elementor-type=\"wp-page\" data-elementor-id=\"657\" class=\"elementor elementor-657\" data-elementor-post-type=\"page\">\n\t\t\t\t<div class=\"elementor-element elementor-element-198f7eaa e-con-full e-flex e-con e-parent\" data-id=\"198f7eaa\" data-element_type=\"container\" data-e-type=\"container\" data-settings=\"{&quot;background_background&quot;:&quot;classic&quot;}\">\n\t\t<div class=\"elementor-element elementor-element-4bdda3b4 e-con-full e-flex e-con e-child\" data-id=\"4bdda3b4\" data-element_type=\"container\" data-e-type=\"container\">\n\t\t\t\t<div class=\"elementor-element elementor-element-4641dec1 elementor-widget elementor-widget-heading\" data-id=\"4641dec1\" data-element_type=\"widget\" data-e-type=\"widget\" data-widget_type=\"heading.default\">\n\t\t\t\t<div class=\"elementor-widget-container\">\n\t\t\t\t\t<h1 class=\"elementor-heading-title elementor-size-default\">Legal Notice<\/h1>\t\t\t\t<\/div>\n\t\t\t\t<\/div>\n\t\t\t\t<\/div>\n\t\t\t\t<div class=\"elementor-element elementor-element-e612da0 elementor-widget__width-initial elementor-widget-mobile__width-inherit elementor-widget elementor-widget-image\" data-id=\"e612da0\" data-element_type=\"widget\" data-e-type=\"widget\" data-widget_type=\"image.default\">\n\t\t\t\t<div class=\"elementor-widget-container\">\n\t\t\t\t\t\t\t\t\t\t\t\t\t\t\t<img fetchpriority=\"high\" decoding=\"async\" width=\"1490\" height=\"1192\" src=\"https:\/\/naowilcox.com\/wp-content\/uploads\/2025\/05\/NAO-Ext-SO.jpg\" class=\"attachment-full size-full wp-image-115\" alt=\"\" srcset=\"https:\/\/naowilcox.com\/wp-content\/uploads\/2025\/05\/NAO-Ext-SO.jpg 1490w, https:\/\/naowilcox.com\/wp-content\/uploads\/2025\/05\/NAO-Ext-SO-300x240.jpg 300w, https:\/\/naowilcox.com\/wp-content\/uploads\/2025\/05\/NAO-Ext-SO-1024x819.jpg 1024w, https:\/\/naowilcox.com\/wp-content\/uploads\/2025\/05\/NAO-Ext-SO-768x614.jpg 768w\" sizes=\"100vw\" \/>\t\t\t\t\t\t\t\t\t\t\t\t\t\t\t<\/div>\n\t\t\t\t<\/div>\n\t\t\t\t<\/div>\n\t\t<div class=\"elementor-element elementor-element-ddc2f4f e-flex e-con-boxed e-con e-parent\" data-id=\"ddc2f4f\" data-element_type=\"container\" data-e-type=\"container\">\n\t\t\t\t\t<div class=\"e-con-inner\">\n\t\t\t\t<div class=\"elementor-element elementor-element-dbb6fb5 elementor-widget elementor-widget-text-editor\" data-id=\"dbb6fb5\" data-element_type=\"widget\" data-e-type=\"widget\" data-no-translation=\"\" data-widget_type=\"text-editor.default\">\n\t\t\t\t<div class=\"elementor-widget-container\">\n\t\t\t\t\t<style>.elementor-element-dbb6fb5{display:none !important}<\/style>\t\t\t\t<\/div>\n\t\t\t\t<\/div>\n\t\t\t\t<div class=\"elementor-element elementor-element-c3220f7 elementor-widget elementor-widget-text-editor\" data-id=\"c3220f7\" data-element_type=\"widget\" data-e-type=\"widget\" data-no-translation=\"\" data-widget_type=\"text-editor.default\">\n\t\t\t\t<div class=\"elementor-widget-container\">\n\t\t\t\t\t\t\t\t\t<p>LEGAL NOTICE<\/p><p>In compliance with the provisions of Law 34\/2002, of July 11, on Information Society Services and Electronic Commerce and other regulations, we hereby inform you that the owner of this website, understood to be that within the domain naowilcox. com, is the company B &amp; C Bienestar y Confort S.L, registered in the Mercantile Registry of Navarra, Volume 670, Folio 208, Section 8, Page NA-13893, Tax ID Number: B28764074, which can be contacted at the following address: Calle V\u00eda Complutense, n\u00ba 35 oficina B 28805 Alcal\u00e1 de Henares, Madrid. \u00a0<\/p><p>The graphic elements, design, source code, and other similar elements, as well as the texts that make up this website and those disseminated through it, as well as their presentation and layout, are the exclusive property of B &amp; C Bienestar y Confort S.L., or it holds the rights to exploit them through agreements with third parties.<\/p><p>In this sense, they constitute works protected by both Spanish and EU regulations in the field of intellectual property, in accordance with Royal Legislative Decree 1\/1996, of April 12, which approves the Consolidated Text of the Intellectual Property Law, regularizing, clarifying and harmonizing the legal provisions in force on the subject, and Law 5\/1998, of March 6, incorporating into Spanish law Directive 96\/9\/EC, of the European Parliament and of the Council, of March 11, 1996, on the legal protection of databases and other applicable regulations, with international treaties signed in this field also being applicable.<\/p><p>B &amp; C Bienestar y Confort S.L. does not grant any license or authorization for the use of its industrial and intellectual property rights or any other property or right related to its website, unless expressly agreed. Users may reproduce the contents of the website for the sole purpose of making backup copies, storing them, or printing them on paper for private use. Any reproduction, distribution, transformation, or presentation, in whole or in part, of the content of the website or any of its elements, directly or indirectly through telematic networks or similar media, for commercial purposes aimed at the public or for use beyond those mentioned, even if the source is cited, unless express written authorisation has been obtained from B &amp; C Bienestar y Confort S.L. Failure to comply with this will entitle B &amp; C Bienestar y Confort S.L. to take any action it deems appropriate, and the following are specifically prohibited:<\/p><p>The extraction and use of elements from the website, whether or not causing any damage to B &amp; C Bienestar y Confort S.L, in accordance with Royal Legislative Decree 1\/1996, of April 12, which approves the Revised Text of the Intellectual Property Law and other applicable national and EU regulations.<\/p><p>The presentation of a page of the website in a frame of another website that does not belong to B &amp; C Bienestar y Confort S.L, using techniques known as \u201cframing\u201d, \u201cdeep linking\u201d and similar, without the express written consent of B &amp; C Bienestar y Confort S. L B &amp; C Bienestar y Confort S.L must expressly authorize the establishment of hypertext links (hyperlinks) on another website to any internal page of this website, provided that the corresponding pages appear in a complete window and under their own electronic addresses.<\/p><p>Attempts at computer attacks in any of their forms.<\/p><p>The insertion of an image disseminated on the website into a page or database not belonging to B &amp; C Bienestar y Confort S.L, using the technique known as \u201cin-line linking\u201d or \u201chotlinking\u201d without the express written authorization of B &amp; C Bienestar y Confort S.L.<br \/>B &amp; C Bienestar y Confort S.L also reserves the right to take any action it deems appropriate, in addition to the cases mentioned above, if it detects possible abuse of its image through \u201ctypo\u201d or \u201cmisspelling domains\u201d and similar domains.<\/p><p>Any rights not expressly granted above are reserved by B &amp; C Bienestar y Confort S.L or, where applicable, by third-party collaborators.<\/p><p>Through this website, connections or \u201clinks\u201d to other sites may be established.<\/p><p>B &amp; C Bienestar y Confort S.L is exempt from liability with regard to the privacy practices of third-party sites, recommending that users be aware of this when leaving.<\/p><p>All necessary information and any queries or requests can also be made by post, email, or by calling the landline numbers provided in the \u201ccontact\u201d section of the website.<\/p><p>The relationships established through the website between B &amp; C Bienestar y Confort S.L and its users shall be governed by the provisions of current regulations, applicable legislation, and competent jurisdiction. However, in cases where the regulations provide for the possibility of the parties submitting to a jurisdiction, B &amp; C Bienestar y Confort S.L. and the users of the website shall submit to the Courts and Tribunals of the city of Madrid, expressly waiving any other jurisdiction that may apply to them.<\/p>\t\t\t\t\t\t\t\t<\/div>\n\t\t\t\t<\/div>\n\t\t\t\t\t<\/div>\n\t\t\t\t<\/div>\n\t\t\t\t<\/div>","protected":false},"excerpt":{"rendered":"<p>AVISO LEGAL En cumplimiento de lo establecido en la Ley 34\/2002, de 11 de julio, de Servicios de la Sociedad de la Informaci\u00f3n y del Comercio Electr\u00f3nico y resto de normativa, se informa que la entidad titular de este sitio, entendi\u00e9ndose por tal el comprendido dentro del dominio naowilcox.com, es la empresa B &amp; C &hellip; <\/p>\n<p class=\"link-more\"><a href=\"https:\/\/naowilcox.com\/en\/aviso-legal\/\" class=\"more-link\">Continue reading<span class=\"screen-reader-text\"> \u00abAviso Legal\u00bb<\/span><\/a><\/p>","protected":false},"author":1,"featured_media":0,"parent":0,"menu_order":0,"comment_status":"closed","ping_status":"closed","template":"elementor_header_footer","meta":{"_monsterinsights_skip_tracking":false,"_monsterinsights_sitenote_active":false,"_monsterinsights_sitenote_note":"","_monsterinsights_sitenote_category":0,"footnotes":""},"class_list":["post-657","page","type-page","status-publish","hentry"],"yoast_head":"<!-- This site is optimized with the Yoast SEO plugin v27.4 - https:\/\/yoast.com\/product\/yoast-seo-wordpress\/ -->\n<title>Aviso Legal - Naowilcox<\/title>\n<meta name=\"robots\" content=\"noindex, follow\" \/>\n<meta property=\"og:locale\" content=\"en_US\" \/>\n<meta property=\"og:type\" content=\"article\" \/>\n<meta property=\"og:title\" content=\"Aviso Legal - Naowilcox\" \/>\n<meta property=\"og:description\" content=\"AVISO LEGAL En cumplimiento de lo establecido en la Ley 34\/2002, de 11 de julio, de Servicios de la Sociedad de la Informaci\u00f3n y del Comercio Electr\u00f3nico y resto de normativa, se informa que la entidad titular de este sitio, entendi\u00e9ndose por tal el comprendido dentro del dominio naowilcox.com, es la empresa B &amp; C &hellip; Continue reading &quot;Aviso Legal&quot;\" \/>\n<meta property=\"og:url\" content=\"https:\/\/naowilcox.com\/en\/aviso-legal\/\" \/>\n<meta property=\"og:site_name\" content=\"Naowilcox\" \/>\n<meta property=\"article:modified_time\" content=\"2026-04-27T12:53:40+00:00\" \/>\n<meta property=\"og:image\" content=\"https:\/\/naowilcox.com\/wp-content\/uploads\/2025\/05\/NAO-Ext-SO.jpg\" \/>\n<meta name=\"twitter:card\" content=\"summary_large_image\" \/>\n<meta name=\"twitter:label1\" content=\"Est. reading time\" \/>\n\t<meta name=\"twitter:data1\" content=\"8 minutes\" \/>\n<script type=\"application\/ld+json\" class=\"yoast-schema-graph\">{\"@context\":\"https:\\\/\\\/schema.org\",\"@graph\":[{\"@type\":\"WebPage\",\"@id\":\"https:\\\/\\\/naowilcox.com\\\/aviso-legal\\\/\",\"url\":\"https:\\\/\\\/naowilcox.com\\\/aviso-legal\\\/\",\"name\":\"Aviso Legal - Naowilcox\",\"isPartOf\":{\"@id\":\"https:\\\/\\\/naowilcox.com\\\/#website\"},\"primaryImageOfPage\":{\"@id\":\"https:\\\/\\\/naowilcox.com\\\/aviso-legal\\\/#primaryimage\"},\"image\":{\"@id\":\"https:\\\/\\\/naowilcox.com\\\/aviso-legal\\\/#primaryimage\"},\"thumbnailUrl\":\"https:\\\/\\\/naowilcox.com\\\/wp-content\\\/uploads\\\/2025\\\/05\\\/NAO-Ext-SO.jpg\",\"datePublished\":\"2025-05-23T07:08:32+00:00\",\"dateModified\":\"2026-04-27T12:53:40+00:00\",\"breadcrumb\":{\"@id\":\"https:\\\/\\\/naowilcox.com\\\/aviso-legal\\\/#breadcrumb\"},\"inLanguage\":\"en-US\",\"potentialAction\":[{\"@type\":\"ReadAction\",\"target\":[\"https:\\\/\\\/naowilcox.com\\\/aviso-legal\\\/\"]}]},{\"@type\":\"ImageObject\",\"inLanguage\":\"en-US\",\"@id\":\"https:\\\/\\\/naowilcox.com\\\/aviso-legal\\\/#primaryimage\",\"url\":\"https:\\\/\\\/naowilcox.com\\\/wp-content\\\/uploads\\\/2025\\\/05\\\/NAO-Ext-SO.jpg\",\"contentUrl\":\"https:\\\/\\\/naowilcox.com\\\/wp-content\\\/uploads\\\/2025\\\/05\\\/NAO-Ext-SO.jpg\"},{\"@type\":\"BreadcrumbList\",\"@id\":\"https:\\\/\\\/naowilcox.com\\\/aviso-legal\\\/#breadcrumb\",\"itemListElement\":[{\"@type\":\"ListItem\",\"position\":1,\"name\":\"Portada\",\"item\":\"https:\\\/\\\/naowilcox.com\\\/\"},{\"@type\":\"ListItem\",\"position\":2,\"name\":\"Aviso Legal\"}]},{\"@type\":\"WebSite\",\"@id\":\"https:\\\/\\\/naowilcox.com\\\/#website\",\"url\":\"https:\\\/\\\/naowilcox.com\\\/\",\"name\":\"Naowilcox\",\"description\":\"\",\"publisher\":{\"@id\":\"https:\\\/\\\/naowilcox.com\\\/#organization\"},\"potentialAction\":[{\"@type\":\"SearchAction\",\"target\":{\"@type\":\"EntryPoint\",\"urlTemplate\":\"https:\\\/\\\/naowilcox.com\\\/?s={search_term_string}\"},\"query-input\":{\"@type\":\"PropertyValueSpecification\",\"valueRequired\":true,\"valueName\":\"search_term_string\"}}],\"inLanguage\":\"en-US\"},{\"@type\":\"Organization\",\"@id\":\"https:\\\/\\\/naowilcox.com\\\/#organization\",\"name\":\"Naowilcox\",\"url\":\"https:\\\/\\\/naowilcox.com\\\/\",\"logo\":{\"@type\":\"ImageObject\",\"inLanguage\":\"en-US\",\"@id\":\"https:\\\/\\\/naowilcox.com\\\/#\\\/schema\\\/logo\\\/image\\\/\",\"url\":\"https:\\\/\\\/naowilcox.com\\\/wp-content\\\/uploads\\\/2025\\\/05\\\/NAO-SOLO.png\",\"contentUrl\":\"https:\\\/\\\/naowilcox.com\\\/wp-content\\\/uploads\\\/2025\\\/05\\\/NAO-SOLO.png\",\"width\":340,\"height\":156,\"caption\":\"Naowilcox\"},\"image\":{\"@id\":\"https:\\\/\\\/naowilcox.com\\\/#\\\/schema\\\/logo\\\/image\\\/\"}}]}<\/script>\n<!-- \/ Yoast SEO plugin. -->","yoast_head_json":{"title":"Aviso Legal - Naowilcox","robots":{"index":"noindex","follow":"follow"},"og_locale":"en_US","og_type":"article","og_title":"Aviso Legal - Naowilcox","og_description":"AVISO LEGAL En cumplimiento de lo establecido en la Ley 34\/2002, de 11 de julio, de Servicios de la Sociedad de la Informaci\u00f3n y del Comercio Electr\u00f3nico y resto de normativa, se informa que la entidad titular de este sitio, entendi\u00e9ndose por tal el comprendido dentro del dominio naowilcox.com, es la empresa B &amp; C &hellip; Continue reading \"Aviso Legal\"","og_url":"https:\/\/naowilcox.com\/en\/aviso-legal\/","og_site_name":"Naowilcox","article_modified_time":"2026-04-27T12:53:40+00:00","og_image":[{"url":"https:\/\/naowilcox.com\/wp-content\/uploads\/2025\/05\/NAO-Ext-SO.jpg","type":"","width":"","height":""}],"twitter_card":"summary_large_image","twitter_misc":{"Est. reading time":"8 minutes"},"schema":{"@context":"https:\/\/schema.org","@graph":[{"@type":"WebPage","@id":"https:\/\/naowilcox.com\/aviso-legal\/","url":"https:\/\/naowilcox.com\/aviso-legal\/","name":"Aviso Legal - Naowilcox","isPartOf":{"@id":"https:\/\/naowilcox.com\/#website"},"primaryImageOfPage":{"@id":"https:\/\/naowilcox.com\/aviso-legal\/#primaryimage"},"image":{"@id":"https:\/\/naowilcox.com\/aviso-legal\/#primaryimage"},"thumbnailUrl":"https:\/\/naowilcox.com\/wp-content\/uploads\/2025\/05\/NAO-Ext-SO.jpg","datePublished":"2025-05-23T07:08:32+00:00","dateModified":"2026-04-27T12:53:40+00:00","breadcrumb":{"@id":"https:\/\/naowilcox.com\/aviso-legal\/#breadcrumb"},"inLanguage":"en-US","potentialAction":[{"@type":"ReadAction","target":["https:\/\/naowilcox.com\/aviso-legal\/"]}]},{"@type":"ImageObject","inLanguage":"en-US","@id":"https:\/\/naowilcox.com\/aviso-legal\/#primaryimage","url":"https:\/\/naowilcox.com\/wp-content\/uploads\/2025\/05\/NAO-Ext-SO.jpg","contentUrl":"https:\/\/naowilcox.com\/wp-content\/uploads\/2025\/05\/NAO-Ext-SO.jpg"},{"@type":"BreadcrumbList","@id":"https:\/\/naowilcox.com\/aviso-legal\/#breadcrumb","itemListElement":[{"@type":"ListItem","position":1,"name":"Portada","item":"https:\/\/naowilcox.com\/"},{"@type":"ListItem","position":2,"name":"Aviso Legal"}]},{"@type":"WebSite","@id":"https:\/\/naowilcox.com\/#website","url":"https:\/\/naowilcox.com\/","name":"Naowilcox","description":"","publisher":{"@id":"https:\/\/naowilcox.com\/#organization"},"potentialAction":[{"@type":"SearchAction","target":{"@type":"EntryPoint","urlTemplate":"https:\/\/naowilcox.com\/?s={search_term_string}"},"query-input":{"@type":"PropertyValueSpecification","valueRequired":true,"valueName":"search_term_string"}}],"inLanguage":"en-US"},{"@type":"Organization","@id":"https:\/\/naowilcox.com\/#organization","name":"Naowilcox","url":"https:\/\/naowilcox.com\/","logo":{"@type":"ImageObject","inLanguage":"en-US","@id":"https:\/\/naowilcox.com\/#\/schema\/logo\/image\/","url":"https:\/\/naowilcox.com\/wp-content\/uploads\/2025\/05\/NAO-SOLO.png","contentUrl":"https:\/\/naowilcox.com\/wp-content\/uploads\/2025\/05\/NAO-SOLO.png","width":340,"height":156,"caption":"Naowilcox"},"image":{"@id":"https:\/\/naowilcox.com\/#\/schema\/logo\/image\/"}}]}},"_links":{"self":[{"href":"https:\/\/naowilcox.com\/en\/wp-json\/wp\/v2\/pages\/657","targetHints":{"allow":["GET"]}}],"collection":[{"href":"https:\/\/naowilcox.com\/en\/wp-json\/wp\/v2\/pages"}],"about":[{"href":"https:\/\/naowilcox.com\/en\/wp-json\/wp\/v2\/types\/page"}],"author":[{"embeddable":true,"href":"https:\/\/naowilcox.com\/en\/wp-json\/wp\/v2\/users\/1"}],"replies":[{"embeddable":true,"href":"https:\/\/naowilcox.com\/en\/wp-json\/wp\/v2\/comments?post=657"}],"version-history":[{"count":40,"href":"https:\/\/naowilcox.com\/en\/wp-json\/wp\/v2\/pages\/657\/revisions"}],"predecessor-version":[{"id":1174,"href":"https:\/\/naowilcox.com\/en\/wp-json\/wp\/v2\/pages\/657\/revisions\/1174"}],"wp:attachment":[{"href":"https:\/\/naowilcox.com\/en\/wp-json\/wp\/v2\/media?parent=657"}],"curies":[{"name":"wp","href":"https:\/\/api.w.org\/{rel}","templated":true}]}}