{"id":316,"date":"2025-05-15T10:15:03","date_gmt":"2025-05-15T08:15:03","guid":{"rendered":"http:\/\/naowilcox2.desarrollowebda.com\/?page_id=316"},"modified":"2026-02-02T11:41:08","modified_gmt":"2026-02-02T10:41:08","slug":"acabados","status":"publish","type":"page","link":"https:\/\/naowilcox.com\/en\/acabados\/","title":{"rendered":"Finishes"},"content":{"rendered":"<div data-elementor-type=\"wp-page\" data-elementor-id=\"316\" class=\"elementor elementor-316\" data-elementor-post-type=\"page\">\n\t\t\t\t<div class=\"elementor-element elementor-element-6a1d1187 e-con-full e-flex e-con e-parent\" data-id=\"6a1d1187\" data-element_type=\"container\" data-e-type=\"container\" data-settings=\"{&quot;background_background&quot;:&quot;classic&quot;}\">\n\t\t<div class=\"elementor-element elementor-element-1d9d1aee e-con-full e-flex e-con e-child\" data-id=\"1d9d1aee\" data-element_type=\"container\" data-e-type=\"container\">\n\t\t\t\t<div class=\"elementor-element elementor-element-40953f82 elementor-widget elementor-widget-heading\" data-id=\"40953f82\" data-element_type=\"widget\" data-e-type=\"widget\" data-widget_type=\"heading.default\">\n\t\t\t\t<div class=\"elementor-widget-container\">\n\t\t\t\t\t<h2 class=\"elementor-heading-title elementor-size-default\">Suggestions for possible finishes<\/h2>\t\t\t\t<\/div>\n\t\t\t\t<\/div>\n\t\t\t\t<div class=\"elementor-element elementor-element-1024cbf elementor-widget elementor-widget-heading\" data-id=\"1024cbf\" data-element_type=\"widget\" data-e-type=\"widget\" data-widget_type=\"heading.default\">\n\t\t\t\t<div class=\"elementor-widget-container\">\n\t\t\t\t\t<h2 class=\"elementor-heading-title elementor-size-default\">Consult the sales office for the different customization options.\n<\/h2>\t\t\t\t<\/div>\n\t\t\t\t<\/div>\n\t\t\t\t<\/div>\n\t\t\t\t<div class=\"elementor-element elementor-element-393abd36 elementor-widget__width-initial elementor-widget-mobile__width-inherit elementor-widget elementor-widget-image\" data-id=\"393abd36\" data-element_type=\"widget\" data-e-type=\"widget\" data-widget_type=\"image.default\">\n\t\t\t\t<div class=\"elementor-widget-container\">\n\t\t\t\t\t\t\t\t\t\t\t\t\t\t\t<img fetchpriority=\"high\" decoding=\"async\" width=\"1423\" height=\"832\" src=\"https:\/\/naowilcox.com\/wp-content\/uploads\/2025\/05\/NAO-ext-E.jpg\" class=\"attachment-full size-full wp-image-138\" alt=\"\" srcset=\"https:\/\/naowilcox.com\/wp-content\/uploads\/2025\/05\/NAO-ext-E.jpg 1423w, https:\/\/naowilcox.com\/wp-content\/uploads\/2025\/05\/NAO-ext-E-300x175.jpg 300w, https:\/\/naowilcox.com\/wp-content\/uploads\/2025\/05\/NAO-ext-E-1024x599.jpg 1024w, https:\/\/naowilcox.com\/wp-content\/uploads\/2025\/05\/NAO-ext-E-768x449.jpg 768w\" sizes=\"100vw\" \/>\t\t\t\t\t\t\t\t\t\t\t\t\t\t\t<\/div>\n\t\t\t\t<\/div>\n\t\t\t\t<\/div>\n\t\t<div class=\"elementor-element elementor-element-da0207a e-flex e-con-boxed e-con e-parent\" data-id=\"da0207a\" data-element_type=\"container\" data-e-type=\"container\">\n\t\t\t\t\t<div class=\"e-con-inner\">\n\t\t\t\t<div class=\"elementor-element elementor-element-587b51b elementor-widget elementor-widget-gallery\" data-id=\"587b51b\" data-element_type=\"widget\" data-e-type=\"widget\" data-settings=\"{&quot;gallery_layout&quot;:&quot;justified&quot;,&quot;overlay_title&quot;:&quot;caption&quot;,&quot;lazyload&quot;:&quot;yes&quot;,&quot;ideal_row_height&quot;:{&quot;unit&quot;:&quot;px&quot;,&quot;size&quot;:200,&quot;sizes&quot;:[]},&quot;ideal_row_height_tablet&quot;:{&quot;unit&quot;:&quot;px&quot;,&quot;size&quot;:150,&quot;sizes&quot;:[]},&quot;ideal_row_height_mobile&quot;:{&quot;unit&quot;:&quot;px&quot;,&quot;size&quot;:150,&quot;sizes&quot;:[]},&quot;gap&quot;:{&quot;unit&quot;:&quot;px&quot;,&quot;size&quot;:10,&quot;sizes&quot;:[]},&quot;gap_tablet&quot;:{&quot;unit&quot;:&quot;px&quot;,&quot;size&quot;:10,&quot;sizes&quot;:[]},&quot;gap_mobile&quot;:{&quot;unit&quot;:&quot;px&quot;,&quot;size&quot;:10,&quot;sizes&quot;:[]},&quot;link_to&quot;:&quot;file&quot;,&quot;overlay_background&quot;:&quot;yes&quot;,&quot;content_hover_animation&quot;:&quot;fade-in&quot;}\" data-widget_type=\"gallery.default\">\n\t\t\t\t<div class=\"elementor-widget-container\">\n\t\t\t\t\t\t\t<div class=\"elementor-gallery__container\">\n\t\t\t\t\t\t\t<a class=\"e-gallery-item elementor-gallery-item elementor-animated-content\" href=\"https:\/\/naowilcox.com\/wp-content\/uploads\/2025\/06\/nao_bano2_lateral-scaled.jpg\" data-elementor-open-lightbox=\"yes\" data-elementor-lightbox-slideshow=\"587b51b\" data-elementor-lightbox-title=\"Ba\u00f1o Secundario Lateral\" data-e-action-hash=\"#elementor-action%3Aaction%3Dlightbox%26settings%3DeyJpZCI6ODc0LCJ1cmwiOiJodHRwczpcL1wvbmFvd2lsY294LmNvbVwvd3AtY29udGVudFwvdXBsb2Fkc1wvMjAyNVwvMDZcL25hb19iYW5vMl9sYXRlcmFsLXNjYWxlZC5qcGciLCJzbGlkZXNob3ciOiI1ODdiNTFiIn0%3D\">\n\t\t\t\t\t<div class=\"e-gallery-image elementor-gallery-item__image\" data-thumbnail=\"https:\/\/naowilcox.com\/wp-content\/uploads\/2025\/06\/nao_bano2_lateral-scaled.jpg\" data-width=\"1591\" data-height=\"2560\" aria-label=\"\" role=\"img\" ><\/div>\n\t\t\t\t\t\t\t\t\t\t\t<div class=\"elementor-gallery-item__overlay\"><\/div>\n\t\t\t\t\t\t\t\t\t\t\t\t\t\t\t<div class=\"elementor-gallery-item__content\">\n\t\t\t\t\t\t\t\t\t\t\t\t\t\t<div class=\"elementor-gallery-item__title\">\n\t\t\t\t\t\t\t\t\t\t\t\t\t\t\t\t\t\tSecondary Side Bathroom\t\t\t\t\t\t\t\t<\/div>\n\t\t\t\t\t\t\t\t\t\t\t\t<\/div>\n\t\t\t\t\t\t\t\t\t<\/a>\n\t\t\t\t\t\t\t<a class=\"e-gallery-item elementor-gallery-item elementor-animated-content\" href=\"https:\/\/naowilcox.com\/wp-content\/uploads\/2025\/06\/nao_bano2_frontal.jpg\" data-elementor-open-lightbox=\"yes\" data-elementor-lightbox-slideshow=\"587b51b\" data-elementor-lightbox-title=\"Ba\u00f1o Secundario Frontal\" data-e-action-hash=\"#elementor-action%3Aaction%3Dlightbox%26settings%3DeyJpZCI6ODczLCJ1cmwiOiJodHRwczpcL1wvbmFvd2lsY294LmNvbVwvd3AtY29udGVudFwvdXBsb2Fkc1wvMjAyNVwvMDZcL25hb19iYW5vMl9mcm9udGFsLmpwZyIsInNsaWRlc2hvdyI6IjU4N2I1MWIifQ%3D%3D\">\n\t\t\t\t\t<div class=\"e-gallery-image elementor-gallery-item__image\" data-thumbnail=\"https:\/\/naowilcox.com\/wp-content\/uploads\/2025\/06\/nao_bano2_frontal.jpg\" data-width=\"1469\" data-height=\"1417\" aria-label=\"\" role=\"img\" ><\/div>\n\t\t\t\t\t\t\t\t\t\t\t<div class=\"elementor-gallery-item__overlay\"><\/div>\n\t\t\t\t\t\t\t\t\t\t\t\t\t\t\t<div class=\"elementor-gallery-item__content\">\n\t\t\t\t\t\t\t\t\t\t\t\t\t\t<div class=\"elementor-gallery-item__title\">\n\t\t\t\t\t\t\t\t\t\t\t\t\t\t\t\t\t\tFront Secondary Bathroom\t\t\t\t\t\t\t\t<\/div>\n\t\t\t\t\t\t\t\t\t\t\t\t<\/div>\n\t\t\t\t\t\t\t\t\t<\/a>\n\t\t\t\t\t\t\t<a class=\"e-gallery-item elementor-gallery-item elementor-animated-content\" href=\"https:\/\/naowilcox.com\/wp-content\/uploads\/2025\/06\/nao_bano1_lateral-scaled.jpg\" data-elementor-open-lightbox=\"yes\" data-elementor-lightbox-slideshow=\"587b51b\" data-elementor-lightbox-title=\"Ba\u00f1o Principal Lateral\" data-e-action-hash=\"#elementor-action%3Aaction%3Dlightbox%26settings%3DeyJpZCI6ODcyLCJ1cmwiOiJodHRwczpcL1wvbmFvd2lsY294LmNvbVwvd3AtY29udGVudFwvdXBsb2Fkc1wvMjAyNVwvMDZcL25hb19iYW5vMV9sYXRlcmFsLXNjYWxlZC5qcGciLCJzbGlkZXNob3ciOiI1ODdiNTFiIn0%3D\">\n\t\t\t\t\t<div class=\"e-gallery-image elementor-gallery-item__image\" data-thumbnail=\"https:\/\/naowilcox.com\/wp-content\/uploads\/2025\/06\/nao_bano1_lateral-scaled.jpg\" data-width=\"1591\" data-height=\"2560\" aria-label=\"\" role=\"img\" ><\/div>\n\t\t\t\t\t\t\t\t\t\t\t<div class=\"elementor-gallery-item__overlay\"><\/div>\n\t\t\t\t\t\t\t\t\t\t\t\t\t\t\t<div class=\"elementor-gallery-item__content\">\n\t\t\t\t\t\t\t\t\t\t\t\t\t\t<div class=\"elementor-gallery-item__title\">\n\t\t\t\t\t\t\t\t\t\t\t\t\t\t\t\t\t\tMain Side Bathroom\t\t\t\t\t\t\t\t<\/div>\n\t\t\t\t\t\t\t\t\t\t\t\t<\/div>\n\t\t\t\t\t\t\t\t\t<\/a>\n\t\t\t\t\t\t\t<a class=\"e-gallery-item elementor-gallery-item elementor-animated-content\" href=\"https:\/\/naowilcox.com\/wp-content\/uploads\/2025\/06\/nao_bano1_frontal.jpg\" data-elementor-open-lightbox=\"yes\" data-elementor-lightbox-slideshow=\"587b51b\" data-elementor-lightbox-title=\"Ba\u00f1o Principal Frontal\" data-e-action-hash=\"#elementor-action%3Aaction%3Dlightbox%26settings%3DeyJpZCI6ODcxLCJ1cmwiOiJodHRwczpcL1wvbmFvd2lsY294LmNvbVwvd3AtY29udGVudFwvdXBsb2Fkc1wvMjAyNVwvMDZcL25hb19iYW5vMV9mcm9udGFsLmpwZyIsInNsaWRlc2hvdyI6IjU4N2I1MWIifQ%3D%3D\">\n\t\t\t\t\t<div class=\"e-gallery-image elementor-gallery-item__image\" data-thumbnail=\"https:\/\/naowilcox.com\/wp-content\/uploads\/2025\/06\/nao_bano1_frontal.jpg\" data-width=\"1469\" data-height=\"1417\" aria-label=\"\" role=\"img\" ><\/div>\n\t\t\t\t\t\t\t\t\t\t\t<div class=\"elementor-gallery-item__overlay\"><\/div>\n\t\t\t\t\t\t\t\t\t\t\t\t\t\t\t<div class=\"elementor-gallery-item__content\">\n\t\t\t\t\t\t\t\t\t\t\t\t\t\t<div class=\"elementor-gallery-item__title\">\n\t\t\t\t\t\t\t\t\t\t\t\t\t\t\t\t\t\tMain Front Bathroom\t\t\t\t\t\t\t\t<\/div>\n\t\t\t\t\t\t\t\t\t\t\t\t<\/div>\n\t\t\t\t\t\t\t\t\t<\/a>\n\t\t\t\t\t\t\t<a class=\"e-gallery-item elementor-gallery-item elementor-animated-content\" href=\"https:\/\/naowilcox.com\/wp-content\/uploads\/2025\/05\/nao-cocina-lateral-18-12-24.jpg\" data-elementor-open-lightbox=\"yes\" data-elementor-lightbox-slideshow=\"587b51b\" data-elementor-lightbox-title=\"Cocina\" data-e-action-hash=\"#elementor-action%3Aaction%3Dlightbox%26settings%3DeyJpZCI6MzI4LCJ1cmwiOiJodHRwczpcL1wvbmFvd2lsY294LmNvbVwvd3AtY29udGVudFwvdXBsb2Fkc1wvMjAyNVwvMDVcL25hby1jb2NpbmEtbGF0ZXJhbC0xOC0xMi0yNC5qcGciLCJzbGlkZXNob3ciOiI1ODdiNTFiIn0%3D\">\n\t\t\t\t\t<div class=\"e-gallery-image elementor-gallery-item__image\" data-thumbnail=\"https:\/\/naowilcox.com\/wp-content\/uploads\/2025\/05\/nao-cocina-lateral-18-12-24.jpg\" data-width=\"1439\" data-height=\"2188\" aria-label=\"\" role=\"img\" ><\/div>\n\t\t\t\t\t\t\t\t\t\t\t<div class=\"elementor-gallery-item__overlay\"><\/div>\n\t\t\t\t\t\t\t\t\t\t\t\t\t\t\t<div class=\"elementor-gallery-item__content\">\n\t\t\t\t\t\t\t\t\t\t\t\t\t\t<div class=\"elementor-gallery-item__title\">\n\t\t\t\t\t\t\t\t\t\t\t\t\t\t\t\t\t\tKitchen\t\t\t\t\t\t\t\t<\/div>\n\t\t\t\t\t\t\t\t\t\t\t\t<\/div>\n\t\t\t\t\t\t\t\t\t<\/a>\n\t\t\t\t\t\t\t<a class=\"e-gallery-item elementor-gallery-item elementor-animated-content\" href=\"https:\/\/naowilcox.com\/wp-content\/uploads\/2025\/05\/Dorm-ppal-18-12-24.jpg\" data-elementor-open-lightbox=\"yes\" data-elementor-lightbox-slideshow=\"587b51b\" data-elementor-lightbox-title=\"Dormitorio Principal\" data-e-action-hash=\"#elementor-action%3Aaction%3Dlightbox%26settings%3DeyJpZCI6Mjk2LCJ1cmwiOiJodHRwczpcL1wvbmFvd2lsY294LmNvbVwvd3AtY29udGVudFwvdXBsb2Fkc1wvMjAyNVwvMDVcL0Rvcm0tcHBhbC0xOC0xMi0yNC5qcGciLCJzbGlkZXNob3ciOiI1ODdiNTFiIn0%3D\">\n\t\t\t\t\t<div class=\"e-gallery-image elementor-gallery-item__image\" data-thumbnail=\"https:\/\/naowilcox.com\/wp-content\/uploads\/2025\/05\/Dorm-ppal-18-12-24.jpg\" data-width=\"1704\" data-height=\"971\" aria-label=\"\" role=\"img\" ><\/div>\n\t\t\t\t\t\t\t\t\t\t\t<div class=\"elementor-gallery-item__overlay\"><\/div>\n\t\t\t\t\t\t\t\t\t\t\t\t\t\t\t<div class=\"elementor-gallery-item__content\">\n\t\t\t\t\t\t\t\t\t\t\t\t\t\t<div class=\"elementor-gallery-item__title\">\n\t\t\t\t\t\t\t\t\t\t\t\t\t\t\t\t\t\tMaster Bedroom\t\t\t\t\t\t\t\t<\/div>\n\t\t\t\t\t\t\t\t\t\t\t\t<\/div>\n\t\t\t\t\t\t\t\t\t<\/a>\n\t\t\t\t\t\t\t<a class=\"e-gallery-item elementor-gallery-item elementor-animated-content\" href=\"https:\/\/naowilcox.com\/wp-content\/uploads\/2025\/05\/nao-dormtorio-2-18-12-24.jpg\" data-elementor-open-lightbox=\"yes\" data-elementor-lightbox-slideshow=\"587b51b\" data-elementor-lightbox-title=\"Dormitorio Secundario\" data-e-action-hash=\"#elementor-action%3Aaction%3Dlightbox%26settings%3DeyJpZCI6MzE4LCJ1cmwiOiJodHRwczpcL1wvbmFvd2lsY294LmNvbVwvd3AtY29udGVudFwvdXBsb2Fkc1wvMjAyNVwvMDVcL25hby1kb3JtdG9yaW8tMi0xOC0xMi0yNC5qcGciLCJzbGlkZXNob3ciOiI1ODdiNTFiIn0%3D\">\n\t\t\t\t\t<div class=\"e-gallery-image elementor-gallery-item__image\" data-thumbnail=\"https:\/\/naowilcox.com\/wp-content\/uploads\/2025\/05\/nao-dormtorio-2-18-12-24.jpg\" data-width=\"1944\" data-height=\"1294\" aria-label=\"\" role=\"img\" ><\/div>\n\t\t\t\t\t\t\t\t\t\t\t<div class=\"elementor-gallery-item__overlay\"><\/div>\n\t\t\t\t\t\t\t\t\t\t\t\t\t\t\t<div class=\"elementor-gallery-item__content\">\n\t\t\t\t\t\t\t\t\t\t\t\t\t\t<div class=\"elementor-gallery-item__title\">\n\t\t\t\t\t\t\t\t\t\t\t\t\t\t\t\t\t\tSecondary Bedroom\t\t\t\t\t\t\t\t<\/div>\n\t\t\t\t\t\t\t\t\t\t\t\t<\/div>\n\t\t\t\t\t\t\t\t\t<\/a>\n\t\t\t\t\t\t\t<a class=\"e-gallery-item elementor-gallery-item elementor-animated-content\" href=\"https:\/\/naowilcox.com\/wp-content\/uploads\/2025\/05\/nao-salon-18-12-24.jpg\" data-elementor-open-lightbox=\"yes\" data-elementor-lightbox-slideshow=\"587b51b\" data-elementor-lightbox-title=\"Sal\u00f3n\" data-e-action-hash=\"#elementor-action%3Aaction%3Dlightbox%26settings%3DeyJpZCI6MzE5LCJ1cmwiOiJodHRwczpcL1wvbmFvd2lsY294LmNvbVwvd3AtY29udGVudFwvdXBsb2Fkc1wvMjAyNVwvMDVcL25hby1zYWxvbi0xOC0xMi0yNC5qcGciLCJzbGlkZXNob3ciOiI1ODdiNTFiIn0%3D\">\n\t\t\t\t\t<div class=\"e-gallery-image elementor-gallery-item__image\" data-thumbnail=\"https:\/\/naowilcox.com\/wp-content\/uploads\/2025\/05\/nao-salon-18-12-24.jpg\" data-width=\"2433\" data-height=\"1222\" aria-label=\"\" role=\"img\" ><\/div>\n\t\t\t\t\t\t\t\t\t\t\t<div class=\"elementor-gallery-item__overlay\"><\/div>\n\t\t\t\t\t\t\t\t\t\t\t\t\t\t\t<div class=\"elementor-gallery-item__content\">\n\t\t\t\t\t\t\t\t\t\t\t\t\t\t<div class=\"elementor-gallery-item__title\">\n\t\t\t\t\t\t\t\t\t\t\t\t\t\t\t\t\t\tLiving room\t\t\t\t\t\t\t\t<\/div>\n\t\t\t\t\t\t\t\t\t\t\t\t<\/div>\n\t\t\t\t\t\t\t\t\t<\/a>\n\t\t\t\t\t\t\t<a class=\"e-gallery-item elementor-gallery-item elementor-animated-content\" href=\"https:\/\/naowilcox.com\/wp-content\/uploads\/2025\/06\/nao_salon_vista2.jpg\" data-elementor-open-lightbox=\"yes\" data-elementor-lightbox-slideshow=\"587b51b\" data-elementor-lightbox-title=\"Sal\u00f3n\" data-e-action-hash=\"#elementor-action%3Aaction%3Dlightbox%26settings%3DeyJpZCI6ODc1LCJ1cmwiOiJodHRwczpcL1wvbmFvd2lsY294LmNvbVwvd3AtY29udGVudFwvdXBsb2Fkc1wvMjAyNVwvMDZcL25hb19zYWxvbl92aXN0YTIuanBnIiwic2xpZGVzaG93IjoiNTg3YjUxYiJ9\">\n\t\t\t\t\t<div class=\"e-gallery-image elementor-gallery-item__image\" data-thumbnail=\"https:\/\/naowilcox.com\/wp-content\/uploads\/2025\/06\/nao_salon_vista2.jpg\" data-width=\"1912\" data-height=\"1279\" aria-label=\"\" role=\"img\" ><\/div>\n\t\t\t\t\t\t\t\t\t\t\t<div class=\"elementor-gallery-item__overlay\"><\/div>\n\t\t\t\t\t\t\t\t\t\t\t\t\t\t\t<div class=\"elementor-gallery-item__content\">\n\t\t\t\t\t\t\t\t\t\t\t\t\t\t<div class=\"elementor-gallery-item__title\">\n\t\t\t\t\t\t\t\t\t\t\t\t\t\t\t\t\t\tLiving room\t\t\t\t\t\t\t\t<\/div>\n\t\t\t\t\t\t\t\t\t\t\t\t<\/div>\n\t\t\t\t\t\t\t\t\t<\/a>\n\t\t\t\t\t<\/div>\n\t\t\t\t\t<\/div>\n\t\t\t\t<\/div>\n\t\t\t\t\t<\/div>\n\t\t\t\t<\/div>\n\t\t\t\t<\/div>","protected":false},"excerpt":{"rendered":"<p>Sugerencias de posibles acabados Consulta en la oficina comercial las distintas opciones de personalizaci\u00f3n. Ba\u00f1o Secundario Lateral Ba\u00f1o Secundario Frontal Ba\u00f1o Principal Lateral Ba\u00f1o Principal Frontal Cocina Dormitorio Principal Dormitorio Secundario Sal\u00f3n Sal\u00f3n<\/p>","protected":false},"author":1,"featured_media":0,"parent":0,"menu_order":0,"comment_status":"closed","ping_status":"closed","template":"elementor_header_footer","meta":{"_monsterinsights_skip_tracking":false,"_monsterinsights_sitenote_active":false,"_monsterinsights_sitenote_note":"","_monsterinsights_sitenote_category":0,"footnotes":""},"class_list":["post-316","page","type-page","status-publish","hentry"],"yoast_head":"<!-- This site is optimized with the Yoast SEO plugin v27.4 - https:\/\/yoast.com\/product\/yoast-seo-wordpress\/ -->\n<title>Acabados - Naowilcox<\/title>\n<meta name=\"description\" content=\"Descubre los acabados de calidad en nuestras viviendas de La Garena. Materiales duraderos, dise\u00f1o moderno y opciones de personalizaci\u00f3n.\" \/>\n<meta name=\"robots\" content=\"index, follow, max-snippet:-1, max-image-preview:large, max-video-preview:-1\" \/>\n<link rel=\"canonical\" href=\"https:\/\/naowilcox.com\/en\/acabados\/\" \/>\n<meta property=\"og:locale\" content=\"en_US\" \/>\n<meta property=\"og:type\" content=\"article\" \/>\n<meta property=\"og:title\" content=\"Acabados - Naowilcox\" \/>\n<meta property=\"og:description\" content=\"Descubre los acabados de calidad en nuestras viviendas de La Garena. Materiales duraderos, dise\u00f1o moderno y opciones de personalizaci\u00f3n.\" \/>\n<meta property=\"og:url\" content=\"https:\/\/naowilcox.com\/en\/acabados\/\" \/>\n<meta property=\"og:site_name\" content=\"Naowilcox\" \/>\n<meta property=\"article:modified_time\" content=\"2026-02-02T10:41:08+00:00\" \/>\n<meta property=\"og:image\" content=\"https:\/\/naowilcox.com\/wp-content\/uploads\/2025\/05\/NAO-ext-E.jpg\" \/>\n\t<meta property=\"og:image:width\" content=\"1423\" \/>\n\t<meta property=\"og:image:height\" content=\"832\" \/>\n\t<meta property=\"og:image:type\" content=\"image\/jpeg\" \/>\n<meta name=\"twitter:card\" content=\"summary_large_image\" \/>\n<meta name=\"twitter:label1\" content=\"Est. reading time\" \/>\n\t<meta name=\"twitter:data1\" content=\"1 minute\" \/>\n<script type=\"application\/ld+json\" class=\"yoast-schema-graph\">{\"@context\":\"https:\\\/\\\/schema.org\",\"@graph\":[{\"@type\":\"WebPage\",\"@id\":\"https:\\\/\\\/naowilcox.com\\\/acabados\\\/\",\"url\":\"https:\\\/\\\/naowilcox.com\\\/acabados\\\/\",\"name\":\"Acabados - Naowilcox\",\"isPartOf\":{\"@id\":\"https:\\\/\\\/naowilcox.com\\\/#website\"},\"primaryImageOfPage\":{\"@id\":\"https:\\\/\\\/naowilcox.com\\\/acabados\\\/#primaryimage\"},\"image\":{\"@id\":\"https:\\\/\\\/naowilcox.com\\\/acabados\\\/#primaryimage\"},\"thumbnailUrl\":\"https:\\\/\\\/naowilcox.com\\\/wp-content\\\/uploads\\\/2025\\\/05\\\/NAO-ext-E.jpg\",\"datePublished\":\"2025-05-15T08:15:03+00:00\",\"dateModified\":\"2026-02-02T10:41:08+00:00\",\"description\":\"Descubre los acabados de calidad en nuestras viviendas de La Garena. Materiales duraderos, dise\u00f1o moderno y opciones de personalizaci\u00f3n.\",\"breadcrumb\":{\"@id\":\"https:\\\/\\\/naowilcox.com\\\/acabados\\\/#breadcrumb\"},\"inLanguage\":\"en-US\",\"potentialAction\":[{\"@type\":\"ReadAction\",\"target\":[\"https:\\\/\\\/naowilcox.com\\\/acabados\\\/\"]}]},{\"@type\":\"ImageObject\",\"inLanguage\":\"en-US\",\"@id\":\"https:\\\/\\\/naowilcox.com\\\/acabados\\\/#primaryimage\",\"url\":\"https:\\\/\\\/naowilcox.com\\\/wp-content\\\/uploads\\\/2025\\\/05\\\/NAO-ext-E.jpg\",\"contentUrl\":\"https:\\\/\\\/naowilcox.com\\\/wp-content\\\/uploads\\\/2025\\\/05\\\/NAO-ext-E.jpg\"},{\"@type\":\"BreadcrumbList\",\"@id\":\"https:\\\/\\\/naowilcox.com\\\/acabados\\\/#breadcrumb\",\"itemListElement\":[{\"@type\":\"ListItem\",\"position\":1,\"name\":\"Portada\",\"item\":\"https:\\\/\\\/naowilcox.com\\\/\"},{\"@type\":\"ListItem\",\"position\":2,\"name\":\"Acabados\"}]},{\"@type\":\"WebSite\",\"@id\":\"https:\\\/\\\/naowilcox.com\\\/#website\",\"url\":\"https:\\\/\\\/naowilcox.com\\\/\",\"name\":\"Naowilcox\",\"description\":\"\",\"publisher\":{\"@id\":\"https:\\\/\\\/naowilcox.com\\\/#organization\"},\"potentialAction\":[{\"@type\":\"SearchAction\",\"target\":{\"@type\":\"EntryPoint\",\"urlTemplate\":\"https:\\\/\\\/naowilcox.com\\\/?s={search_term_string}\"},\"query-input\":{\"@type\":\"PropertyValueSpecification\",\"valueRequired\":true,\"valueName\":\"search_term_string\"}}],\"inLanguage\":\"en-US\"},{\"@type\":\"Organization\",\"@id\":\"https:\\\/\\\/naowilcox.com\\\/#organization\",\"name\":\"Naowilcox\",\"url\":\"https:\\\/\\\/naowilcox.com\\\/\",\"logo\":{\"@type\":\"ImageObject\",\"inLanguage\":\"en-US\",\"@id\":\"https:\\\/\\\/naowilcox.com\\\/#\\\/schema\\\/logo\\\/image\\\/\",\"url\":\"https:\\\/\\\/naowilcox.com\\\/wp-content\\\/uploads\\\/2025\\\/05\\\/NAO-SOLO.png\",\"contentUrl\":\"https:\\\/\\\/naowilcox.com\\\/wp-content\\\/uploads\\\/2025\\\/05\\\/NAO-SOLO.png\",\"width\":340,\"height\":156,\"caption\":\"Naowilcox\"},\"image\":{\"@id\":\"https:\\\/\\\/naowilcox.com\\\/#\\\/schema\\\/logo\\\/image\\\/\"}}]}<\/script>\n<!-- \/ Yoast SEO plugin. -->","yoast_head_json":{"title":"Acabados - Naowilcox","description":"Descubre los acabados de calidad en nuestras viviendas de La Garena. Materiales duraderos, dise\u00f1o moderno y opciones de personalizaci\u00f3n.","robots":{"index":"index","follow":"follow","max-snippet":"max-snippet:-1","max-image-preview":"max-image-preview:large","max-video-preview":"max-video-preview:-1"},"canonical":"https:\/\/naowilcox.com\/en\/acabados\/","og_locale":"en_US","og_type":"article","og_title":"Acabados - Naowilcox","og_description":"Descubre los acabados de calidad en nuestras viviendas de La Garena. Materiales duraderos, dise\u00f1o moderno y opciones de personalizaci\u00f3n.","og_url":"https:\/\/naowilcox.com\/en\/acabados\/","og_site_name":"Naowilcox","article_modified_time":"2026-02-02T10:41:08+00:00","og_image":[{"width":1423,"height":832,"url":"https:\/\/naowilcox.com\/wp-content\/uploads\/2025\/05\/NAO-ext-E.jpg","type":"image\/jpeg"}],"twitter_card":"summary_large_image","twitter_misc":{"Est. reading time":"1 minute"},"schema":{"@context":"https:\/\/schema.org","@graph":[{"@type":"WebPage","@id":"https:\/\/naowilcox.com\/acabados\/","url":"https:\/\/naowilcox.com\/acabados\/","name":"Acabados - Naowilcox","isPartOf":{"@id":"https:\/\/naowilcox.com\/#website"},"primaryImageOfPage":{"@id":"https:\/\/naowilcox.com\/acabados\/#primaryimage"},"image":{"@id":"https:\/\/naowilcox.com\/acabados\/#primaryimage"},"thumbnailUrl":"https:\/\/naowilcox.com\/wp-content\/uploads\/2025\/05\/NAO-ext-E.jpg","datePublished":"2025-05-15T08:15:03+00:00","dateModified":"2026-02-02T10:41:08+00:00","description":"Descubre los acabados de calidad en nuestras viviendas de La Garena. Materiales duraderos, dise\u00f1o moderno y opciones de personalizaci\u00f3n.","breadcrumb":{"@id":"https:\/\/naowilcox.com\/acabados\/#breadcrumb"},"inLanguage":"en-US","potentialAction":[{"@type":"ReadAction","target":["https:\/\/naowilcox.com\/acabados\/"]}]},{"@type":"ImageObject","inLanguage":"en-US","@id":"https:\/\/naowilcox.com\/acabados\/#primaryimage","url":"https:\/\/naowilcox.com\/wp-content\/uploads\/2025\/05\/NAO-ext-E.jpg","contentUrl":"https:\/\/naowilcox.com\/wp-content\/uploads\/2025\/05\/NAO-ext-E.jpg"},{"@type":"BreadcrumbList","@id":"https:\/\/naowilcox.com\/acabados\/#breadcrumb","itemListElement":[{"@type":"ListItem","position":1,"name":"Portada","item":"https:\/\/naowilcox.com\/"},{"@type":"ListItem","position":2,"name":"Acabados"}]},{"@type":"WebSite","@id":"https:\/\/naowilcox.com\/#website","url":"https:\/\/naowilcox.com\/","name":"Naowilcox","description":"","publisher":{"@id":"https:\/\/naowilcox.com\/#organization"},"potentialAction":[{"@type":"SearchAction","target":{"@type":"EntryPoint","urlTemplate":"https:\/\/naowilcox.com\/?s={search_term_string}"},"query-input":{"@type":"PropertyValueSpecification","valueRequired":true,"valueName":"search_term_string"}}],"inLanguage":"en-US"},{"@type":"Organization","@id":"https:\/\/naowilcox.com\/#organization","name":"Naowilcox","url":"https:\/\/naowilcox.com\/","logo":{"@type":"ImageObject","inLanguage":"en-US","@id":"https:\/\/naowilcox.com\/#\/schema\/logo\/image\/","url":"https:\/\/naowilcox.com\/wp-content\/uploads\/2025\/05\/NAO-SOLO.png","contentUrl":"https:\/\/naowilcox.com\/wp-content\/uploads\/2025\/05\/NAO-SOLO.png","width":340,"height":156,"caption":"Naowilcox"},"image":{"@id":"https:\/\/naowilcox.com\/#\/schema\/logo\/image\/"}}]}},"_links":{"self":[{"href":"https:\/\/naowilcox.com\/en\/wp-json\/wp\/v2\/pages\/316","targetHints":{"allow":["GET"]}}],"collection":[{"href":"https:\/\/naowilcox.com\/en\/wp-json\/wp\/v2\/pages"}],"about":[{"href":"https:\/\/naowilcox.com\/en\/wp-json\/wp\/v2\/types\/page"}],"author":[{"embeddable":true,"href":"https:\/\/naowilcox.com\/en\/wp-json\/wp\/v2\/users\/1"}],"replies":[{"embeddable":true,"href":"https:\/\/naowilcox.com\/en\/wp-json\/wp\/v2\/comments?post=316"}],"version-history":[{"count":94,"href":"https:\/\/naowilcox.com\/en\/wp-json\/wp\/v2\/pages\/316\/revisions"}],"predecessor-version":[{"id":1649,"href":"https:\/\/naowilcox.com\/en\/wp-json\/wp\/v2\/pages\/316\/revisions\/1649"}],"wp:attachment":[{"href":"https:\/\/naowilcox.com\/en\/wp-json\/wp\/v2\/media?parent=316"}],"curies":[{"name":"wp","href":"https:\/\/api.w.org\/{rel}","templated":true}]}}