{"id":240,"date":"2025-05-15T09:11:59","date_gmt":"2025-05-15T07:11:59","guid":{"rendered":"http:\/\/naowilcox2.desarrollowebda.com\/?page_id=240"},"modified":"2026-01-12T13:24:05","modified_gmt":"2026-01-12T12:24:05","slug":"pisos-2-dormitorios-la-garena","status":"publish","type":"page","link":"https:\/\/naowilcox.com\/en\/pisos-2-dormitorios-la-garena\/","title":{"rendered":"2 Bedrooms"},"content":{"rendered":"<div data-elementor-type=\"wp-page\" data-elementor-id=\"240\" class=\"elementor elementor-240\" data-elementor-post-type=\"page\">\n\t\t\t\t<div class=\"elementor-element elementor-element-54047cb4 e-con-full e-flex e-con e-parent\" data-id=\"54047cb4\" data-element_type=\"container\" data-e-type=\"container\" data-settings=\"{&quot;background_background&quot;:&quot;classic&quot;}\">\n\t\t<div class=\"elementor-element elementor-element-10527bfd e-con-full e-flex elementor-invisible e-con e-child\" data-id=\"10527bfd\" data-element_type=\"container\" data-e-type=\"container\" data-settings=\"{&quot;animation&quot;:&quot;slideInLeft&quot;}\">\n\t\t\t\t<div class=\"elementor-element elementor-element-6a95b74e elementor-widget elementor-widget-heading\" data-id=\"6a95b74e\" data-element_type=\"widget\" data-e-type=\"widget\" data-widget_type=\"heading.default\">\n\t\t\t\t<div class=\"elementor-widget-container\">\n\t\t\t\t\t<h1 class=\"elementor-heading-title elementor-size-default\">2 Bedrooms<\/h1>\t\t\t\t<\/div>\n\t\t\t\t<\/div>\n\t\t\t\t<div class=\"elementor-element elementor-element-cb02e02 elementor-widget elementor-widget-text-editor\" data-id=\"cb02e02\" data-element_type=\"widget\" data-e-type=\"widget\" data-widget_type=\"text-editor.default\">\n\t\t\t\t<div class=\"elementor-widget-container\">\n\t\t\t\t\t\t\t\t\t<p class=\"translation-block\">Two-bedroom homes are <span style=\"color: #d63e2d\"><strong>residential options that adapt to diverse family needs and offer high profitability<\/strong><\/span>. Two-bedroom homes are often ideal for small families, investors, and young professionals seeking extra space for a home office or guest room. These homes offer a <span style=\"color: #d63e2d\"><strong>balanced combination of space<\/strong><\/span> and comfort without being excessively large.<\/p><p class=\"translation-block\">Without a doubt, this type of housing contributes to <span style=\"color: #d63e2d\"><strong>a more comfortable and efficient daily life<\/strong>.<\/span><\/p>\t\t\t\t\t\t\t\t<\/div>\n\t\t\t\t<\/div>\n\t\t\t\t<\/div>\n\t\t\t\t<div class=\"elementor-element elementor-element-2a13b90d elementor-widget__width-initial elementor-widget-mobile__width-inherit elementor-invisible elementor-widget elementor-widget-image\" data-id=\"2a13b90d\" data-element_type=\"widget\" data-e-type=\"widget\" data-settings=\"{&quot;_animation&quot;:&quot;slideInRight&quot;}\" data-widget_type=\"image.default\">\n\t\t\t\t<div class=\"elementor-widget-container\">\n\t\t\t\t\t\t\t\t\t\t\t\t\t\t\t<img fetchpriority=\"high\" decoding=\"async\" width=\"1500\" height=\"630\" src=\"https:\/\/naowilcox.com\/wp-content\/uploads\/2025\/05\/NAO-EXTERIOR-2-.png\" class=\"attachment-full size-full wp-image-114\" alt=\"\" srcset=\"https:\/\/naowilcox.com\/wp-content\/uploads\/2025\/05\/NAO-EXTERIOR-2-.png 1500w, https:\/\/naowilcox.com\/wp-content\/uploads\/2025\/05\/NAO-EXTERIOR-2--300x126.png 300w, https:\/\/naowilcox.com\/wp-content\/uploads\/2025\/05\/NAO-EXTERIOR-2--1024x430.png 1024w, https:\/\/naowilcox.com\/wp-content\/uploads\/2025\/05\/NAO-EXTERIOR-2--768x323.png 768w\" sizes=\"100vw\" \/>\t\t\t\t\t\t\t\t\t\t\t\t\t\t\t<\/div>\n\t\t\t\t<\/div>\n\t\t\t\t<\/div>\n\t\t<div class=\"elementor-element elementor-element-6985e310 e-flex e-con-boxed elementor-invisible e-con e-parent\" data-id=\"6985e310\" data-element_type=\"container\" data-e-type=\"container\" data-settings=\"{&quot;animation&quot;:&quot;zoomIn&quot;}\">\n\t\t\t\t\t<div class=\"e-con-inner\">\n\t\t<div class=\"elementor-element elementor-element-e63b94 e-con-full e-flex e-con e-child\" data-id=\"e63b94\" data-element_type=\"container\" data-e-type=\"container\">\n\t\t\t\t<div class=\"elementor-element elementor-element-45ede6b7 elementor-widget elementor-widget-heading\" data-id=\"45ede6b7\" data-element_type=\"widget\" data-e-type=\"widget\" data-widget_type=\"heading.default\">\n\t\t\t\t<div class=\"elementor-widget-container\">\n\t\t\t\t\t<h2 class=\"elementor-heading-title elementor-size-default\">Two-Bedroom Floor Plan \/ Typical Housing Model \n<\/h2>\t\t\t\t<\/div>\n\t\t\t\t<\/div>\n\t\t\t\t<\/div>\n\t\t<div class=\"elementor-element elementor-element-3d0fb9a e-con-full e-flex e-con e-child\" data-id=\"3d0fb9a\" data-element_type=\"container\" data-e-type=\"container\">\n\t\t\t\t<div class=\"elementor-element elementor-element-21987096 elementor-widget elementor-widget-image\" data-id=\"21987096\" data-element_type=\"widget\" data-e-type=\"widget\" data-widget_type=\"image.default\">\n\t\t\t\t<div class=\"elementor-widget-container\">\n\t\t\t\t\t\t\t\t\t\t\t\t\t\t\t<img decoding=\"async\" width=\"2482\" height=\"1755\" src=\"https:\/\/naowilcox.com\/wp-content\/uploads\/2026\/01\/TIPO_01_2D_page-0001.jpg\" class=\"attachment-full size-full wp-image-1518\" alt=\"\" srcset=\"https:\/\/naowilcox.com\/wp-content\/uploads\/2026\/01\/TIPO_01_2D_page-0001.jpg 2482w, https:\/\/naowilcox.com\/wp-content\/uploads\/2026\/01\/TIPO_01_2D_page-0001-300x212.jpg 300w, https:\/\/naowilcox.com\/wp-content\/uploads\/2026\/01\/TIPO_01_2D_page-0001-1024x724.jpg 1024w, https:\/\/naowilcox.com\/wp-content\/uploads\/2026\/01\/TIPO_01_2D_page-0001-768x543.jpg 768w, https:\/\/naowilcox.com\/wp-content\/uploads\/2026\/01\/TIPO_01_2D_page-0001-1536x1086.jpg 1536w, https:\/\/naowilcox.com\/wp-content\/uploads\/2026\/01\/TIPO_01_2D_page-0001-2048x1448.jpg 2048w, https:\/\/naowilcox.com\/wp-content\/uploads\/2026\/01\/TIPO_01_2D_page-0001-18x12.jpg 18w\" sizes=\"100vw\" \/>\t\t\t\t\t\t\t\t\t\t\t\t\t\t\t<\/div>\n\t\t\t\t<\/div>\n\t\t\t\t<\/div>\n\t\t\t\t\t<\/div>\n\t\t\t\t<\/div>\n\t\t<div class=\"elementor-element elementor-element-0695d38 e-flex e-con-boxed elementor-invisible e-con e-parent\" data-id=\"0695d38\" data-element_type=\"container\" data-e-type=\"container\" data-settings=\"{&quot;animation&quot;:&quot;zoomIn&quot;}\">\n\t\t\t\t\t<div class=\"e-con-inner\">\n\t\t<div class=\"elementor-element elementor-element-a38d399 e-con-full e-flex e-con e-child\" data-id=\"a38d399\" data-element_type=\"container\" data-e-type=\"container\">\n\t\t\t\t<div class=\"elementor-element elementor-element-79f3dbb elementor-widget elementor-widget-heading\" data-id=\"79f3dbb\" data-element_type=\"widget\" data-e-type=\"widget\" data-widget_type=\"heading.default\">\n\t\t\t\t<div class=\"elementor-widget-container\">\n\t\t\t\t\t<h2 class=\"elementor-heading-title elementor-size-default\">Two-Bedroom Floor Plan \/ Typical Housing Model \n<\/h2>\t\t\t\t<\/div>\n\t\t\t\t<\/div>\n\t\t\t\t<\/div>\n\t\t<div class=\"elementor-element elementor-element-8e89c2a e-con-full e-flex e-con e-child\" data-id=\"8e89c2a\" data-element_type=\"container\" data-e-type=\"container\">\n\t\t\t\t<div class=\"elementor-element elementor-element-1fe957d elementor-widget elementor-widget-image\" data-id=\"1fe957d\" data-element_type=\"widget\" data-e-type=\"widget\" data-widget_type=\"image.default\">\n\t\t\t\t<div class=\"elementor-widget-container\">\n\t\t\t\t\t\t\t\t\t\t\t\t\t\t\t<img decoding=\"async\" width=\"2482\" height=\"1755\" src=\"https:\/\/naowilcox.com\/wp-content\/uploads\/2026\/01\/TIPO_02_2D_page-0001.jpg\" class=\"attachment-full size-full wp-image-1517\" alt=\"\" srcset=\"https:\/\/naowilcox.com\/wp-content\/uploads\/2026\/01\/TIPO_02_2D_page-0001.jpg 2482w, https:\/\/naowilcox.com\/wp-content\/uploads\/2026\/01\/TIPO_02_2D_page-0001-300x212.jpg 300w, https:\/\/naowilcox.com\/wp-content\/uploads\/2026\/01\/TIPO_02_2D_page-0001-1024x724.jpg 1024w, https:\/\/naowilcox.com\/wp-content\/uploads\/2026\/01\/TIPO_02_2D_page-0001-768x543.jpg 768w, https:\/\/naowilcox.com\/wp-content\/uploads\/2026\/01\/TIPO_02_2D_page-0001-1536x1086.jpg 1536w, https:\/\/naowilcox.com\/wp-content\/uploads\/2026\/01\/TIPO_02_2D_page-0001-2048x1448.jpg 2048w, https:\/\/naowilcox.com\/wp-content\/uploads\/2026\/01\/TIPO_02_2D_page-0001-18x12.jpg 18w\" sizes=\"100vw\" \/>\t\t\t\t\t\t\t\t\t\t\t\t\t\t\t<\/div>\n\t\t\t\t<\/div>\n\t\t\t\t<\/div>\n\t\t\t\t\t<\/div>\n\t\t\t\t<\/div>\n\t\t\t\t<\/div>","protected":false},"excerpt":{"rendered":"<p>Las viviendas de 2 dormitorios son\u00a0opciones residenciales que se adaptan a diversas necesidades familiares y ofrecen una alta rentabilidad. Las viviendas de 2 dormitorios suelen ser ideales para peque\u00f1as familias, inversores y j\u00f3venes profesionales, que buscan un espacio adicional para una oficina en casa o una habitaci\u00f3n de invitados. Estas viviendas ofrecen una\u00a0combinaci\u00f3n equilibrada de &hellip; <\/p>\n<p class=\"link-more\"><a href=\"https:\/\/naowilcox.com\/en\/pisos-2-dormitorios-la-garena\/\" class=\"more-link\">Continue reading<span class=\"screen-reader-text\"> \u00ab2 Dormitorios\u00bb<\/span><\/a><\/p>","protected":false},"author":1,"featured_media":0,"parent":0,"menu_order":0,"comment_status":"closed","ping_status":"closed","template":"elementor_header_footer","meta":{"_monsterinsights_skip_tracking":false,"_monsterinsights_sitenote_active":false,"_monsterinsights_sitenote_note":"","_monsterinsights_sitenote_category":0,"footnotes":""},"class_list":["post-240","page","type-page","status-publish","hentry"],"yoast_head":"<!-- This site is optimized with the Yoast SEO plugin v27.4 - https:\/\/yoast.com\/product\/yoast-seo-wordpress\/ -->\n<title>2 Dormitorios - Naowilcox<\/title>\n<meta name=\"description\" content=\"Pisos de 2 dormitorios en La Garena, Alcal\u00e1 de Henares. Obra nueva con terraza, garaje y zonas comunes para una vida c\u00f3moda y pr\u00e1ctica.\" \/>\n<meta name=\"robots\" content=\"index, follow, max-snippet:-1, max-image-preview:large, max-video-preview:-1\" \/>\n<link rel=\"canonical\" href=\"https:\/\/naowilcox.com\/en\/pisos-2-dormitorios-la-garena\/\" \/>\n<meta property=\"og:locale\" content=\"en_US\" \/>\n<meta property=\"og:type\" content=\"article\" \/>\n<meta property=\"og:title\" content=\"2 Dormitorios - Naowilcox\" \/>\n<meta property=\"og:description\" content=\"Pisos de 2 dormitorios en La Garena, Alcal\u00e1 de Henares. Obra nueva con terraza, garaje y zonas comunes para una vida c\u00f3moda y pr\u00e1ctica.\" \/>\n<meta property=\"og:url\" content=\"https:\/\/naowilcox.com\/en\/pisos-2-dormitorios-la-garena\/\" \/>\n<meta property=\"og:site_name\" content=\"Naowilcox\" \/>\n<meta property=\"article:modified_time\" content=\"2026-01-12T12:24:05+00:00\" \/>\n<meta property=\"og:image\" content=\"https:\/\/naowilcox.com\/wp-content\/uploads\/2025\/05\/NAO-EXTERIOR-2-.png\" \/>\n\t<meta property=\"og:image:width\" content=\"1500\" \/>\n\t<meta property=\"og:image:height\" content=\"630\" \/>\n\t<meta property=\"og:image:type\" content=\"image\/png\" \/>\n<meta name=\"twitter:card\" content=\"summary_large_image\" \/>\n<meta name=\"twitter:label1\" content=\"Est. reading time\" \/>\n\t<meta name=\"twitter:data1\" content=\"2 minutes\" \/>\n<script type=\"application\/ld+json\" class=\"yoast-schema-graph\">{\"@context\":\"https:\\\/\\\/schema.org\",\"@graph\":[{\"@type\":\"WebPage\",\"@id\":\"https:\\\/\\\/naowilcox.com\\\/pisos-2-dormitorios-la-garena\\\/\",\"url\":\"https:\\\/\\\/naowilcox.com\\\/pisos-2-dormitorios-la-garena\\\/\",\"name\":\"2 Dormitorios - Naowilcox\",\"isPartOf\":{\"@id\":\"https:\\\/\\\/naowilcox.com\\\/#website\"},\"primaryImageOfPage\":{\"@id\":\"https:\\\/\\\/naowilcox.com\\\/pisos-2-dormitorios-la-garena\\\/#primaryimage\"},\"image\":{\"@id\":\"https:\\\/\\\/naowilcox.com\\\/pisos-2-dormitorios-la-garena\\\/#primaryimage\"},\"thumbnailUrl\":\"https:\\\/\\\/naowilcox.com\\\/wp-content\\\/uploads\\\/2025\\\/05\\\/NAO-EXTERIOR-2-.png\",\"datePublished\":\"2025-05-15T07:11:59+00:00\",\"dateModified\":\"2026-01-12T12:24:05+00:00\",\"description\":\"Pisos de 2 dormitorios en La Garena, Alcal\u00e1 de Henares. Obra nueva con terraza, garaje y zonas comunes para una vida c\u00f3moda y pr\u00e1ctica.\",\"breadcrumb\":{\"@id\":\"https:\\\/\\\/naowilcox.com\\\/pisos-2-dormitorios-la-garena\\\/#breadcrumb\"},\"inLanguage\":\"en-US\",\"potentialAction\":[{\"@type\":\"ReadAction\",\"target\":[\"https:\\\/\\\/naowilcox.com\\\/pisos-2-dormitorios-la-garena\\\/\"]}]},{\"@type\":\"ImageObject\",\"inLanguage\":\"en-US\",\"@id\":\"https:\\\/\\\/naowilcox.com\\\/pisos-2-dormitorios-la-garena\\\/#primaryimage\",\"url\":\"https:\\\/\\\/naowilcox.com\\\/wp-content\\\/uploads\\\/2025\\\/05\\\/NAO-EXTERIOR-2-.png\",\"contentUrl\":\"https:\\\/\\\/naowilcox.com\\\/wp-content\\\/uploads\\\/2025\\\/05\\\/NAO-EXTERIOR-2-.png\"},{\"@type\":\"BreadcrumbList\",\"@id\":\"https:\\\/\\\/naowilcox.com\\\/pisos-2-dormitorios-la-garena\\\/#breadcrumb\",\"itemListElement\":[{\"@type\":\"ListItem\",\"position\":1,\"name\":\"Portada\",\"item\":\"https:\\\/\\\/naowilcox.com\\\/\"},{\"@type\":\"ListItem\",\"position\":2,\"name\":\"2 Dormitorios\"}]},{\"@type\":\"WebSite\",\"@id\":\"https:\\\/\\\/naowilcox.com\\\/#website\",\"url\":\"https:\\\/\\\/naowilcox.com\\\/\",\"name\":\"Naowilcox\",\"description\":\"\",\"publisher\":{\"@id\":\"https:\\\/\\\/naowilcox.com\\\/#organization\"},\"potentialAction\":[{\"@type\":\"SearchAction\",\"target\":{\"@type\":\"EntryPoint\",\"urlTemplate\":\"https:\\\/\\\/naowilcox.com\\\/?s={search_term_string}\"},\"query-input\":{\"@type\":\"PropertyValueSpecification\",\"valueRequired\":true,\"valueName\":\"search_term_string\"}}],\"inLanguage\":\"en-US\"},{\"@type\":\"Organization\",\"@id\":\"https:\\\/\\\/naowilcox.com\\\/#organization\",\"name\":\"Naowilcox\",\"url\":\"https:\\\/\\\/naowilcox.com\\\/\",\"logo\":{\"@type\":\"ImageObject\",\"inLanguage\":\"en-US\",\"@id\":\"https:\\\/\\\/naowilcox.com\\\/#\\\/schema\\\/logo\\\/image\\\/\",\"url\":\"https:\\\/\\\/naowilcox.com\\\/wp-content\\\/uploads\\\/2025\\\/05\\\/NAO-SOLO.png\",\"contentUrl\":\"https:\\\/\\\/naowilcox.com\\\/wp-content\\\/uploads\\\/2025\\\/05\\\/NAO-SOLO.png\",\"width\":340,\"height\":156,\"caption\":\"Naowilcox\"},\"image\":{\"@id\":\"https:\\\/\\\/naowilcox.com\\\/#\\\/schema\\\/logo\\\/image\\\/\"}}]}<\/script>\n<!-- \/ Yoast SEO plugin. -->","yoast_head_json":{"title":"2 Dormitorios - Naowilcox","description":"Pisos de 2 dormitorios en La Garena, Alcal\u00e1 de Henares. Obra nueva con terraza, garaje y zonas comunes para una vida c\u00f3moda y pr\u00e1ctica.","robots":{"index":"index","follow":"follow","max-snippet":"max-snippet:-1","max-image-preview":"max-image-preview:large","max-video-preview":"max-video-preview:-1"},"canonical":"https:\/\/naowilcox.com\/en\/pisos-2-dormitorios-la-garena\/","og_locale":"en_US","og_type":"article","og_title":"2 Dormitorios - Naowilcox","og_description":"Pisos de 2 dormitorios en La Garena, Alcal\u00e1 de Henares. Obra nueva con terraza, garaje y zonas comunes para una vida c\u00f3moda y pr\u00e1ctica.","og_url":"https:\/\/naowilcox.com\/en\/pisos-2-dormitorios-la-garena\/","og_site_name":"Naowilcox","article_modified_time":"2026-01-12T12:24:05+00:00","og_image":[{"width":1500,"height":630,"url":"https:\/\/naowilcox.com\/wp-content\/uploads\/2025\/05\/NAO-EXTERIOR-2-.png","type":"image\/png"}],"twitter_card":"summary_large_image","twitter_misc":{"Est. reading time":"2 minutes"},"schema":{"@context":"https:\/\/schema.org","@graph":[{"@type":"WebPage","@id":"https:\/\/naowilcox.com\/pisos-2-dormitorios-la-garena\/","url":"https:\/\/naowilcox.com\/pisos-2-dormitorios-la-garena\/","name":"2 Dormitorios - Naowilcox","isPartOf":{"@id":"https:\/\/naowilcox.com\/#website"},"primaryImageOfPage":{"@id":"https:\/\/naowilcox.com\/pisos-2-dormitorios-la-garena\/#primaryimage"},"image":{"@id":"https:\/\/naowilcox.com\/pisos-2-dormitorios-la-garena\/#primaryimage"},"thumbnailUrl":"https:\/\/naowilcox.com\/wp-content\/uploads\/2025\/05\/NAO-EXTERIOR-2-.png","datePublished":"2025-05-15T07:11:59+00:00","dateModified":"2026-01-12T12:24:05+00:00","description":"Pisos de 2 dormitorios en La Garena, Alcal\u00e1 de Henares. Obra nueva con terraza, garaje y zonas comunes para una vida c\u00f3moda y pr\u00e1ctica.","breadcrumb":{"@id":"https:\/\/naowilcox.com\/pisos-2-dormitorios-la-garena\/#breadcrumb"},"inLanguage":"en-US","potentialAction":[{"@type":"ReadAction","target":["https:\/\/naowilcox.com\/pisos-2-dormitorios-la-garena\/"]}]},{"@type":"ImageObject","inLanguage":"en-US","@id":"https:\/\/naowilcox.com\/pisos-2-dormitorios-la-garena\/#primaryimage","url":"https:\/\/naowilcox.com\/wp-content\/uploads\/2025\/05\/NAO-EXTERIOR-2-.png","contentUrl":"https:\/\/naowilcox.com\/wp-content\/uploads\/2025\/05\/NAO-EXTERIOR-2-.png"},{"@type":"BreadcrumbList","@id":"https:\/\/naowilcox.com\/pisos-2-dormitorios-la-garena\/#breadcrumb","itemListElement":[{"@type":"ListItem","position":1,"name":"Portada","item":"https:\/\/naowilcox.com\/"},{"@type":"ListItem","position":2,"name":"2 Dormitorios"}]},{"@type":"WebSite","@id":"https:\/\/naowilcox.com\/#website","url":"https:\/\/naowilcox.com\/","name":"Naowilcox","description":"","publisher":{"@id":"https:\/\/naowilcox.com\/#organization"},"potentialAction":[{"@type":"SearchAction","target":{"@type":"EntryPoint","urlTemplate":"https:\/\/naowilcox.com\/?s={search_term_string}"},"query-input":{"@type":"PropertyValueSpecification","valueRequired":true,"valueName":"search_term_string"}}],"inLanguage":"en-US"},{"@type":"Organization","@id":"https:\/\/naowilcox.com\/#organization","name":"Naowilcox","url":"https:\/\/naowilcox.com\/","logo":{"@type":"ImageObject","inLanguage":"en-US","@id":"https:\/\/naowilcox.com\/#\/schema\/logo\/image\/","url":"https:\/\/naowilcox.com\/wp-content\/uploads\/2025\/05\/NAO-SOLO.png","contentUrl":"https:\/\/naowilcox.com\/wp-content\/uploads\/2025\/05\/NAO-SOLO.png","width":340,"height":156,"caption":"Naowilcox"},"image":{"@id":"https:\/\/naowilcox.com\/#\/schema\/logo\/image\/"}}]}},"_links":{"self":[{"href":"https:\/\/naowilcox.com\/en\/wp-json\/wp\/v2\/pages\/240","targetHints":{"allow":["GET"]}}],"collection":[{"href":"https:\/\/naowilcox.com\/en\/wp-json\/wp\/v2\/pages"}],"about":[{"href":"https:\/\/naowilcox.com\/en\/wp-json\/wp\/v2\/types\/page"}],"author":[{"embeddable":true,"href":"https:\/\/naowilcox.com\/en\/wp-json\/wp\/v2\/users\/1"}],"replies":[{"embeddable":true,"href":"https:\/\/naowilcox.com\/en\/wp-json\/wp\/v2\/comments?post=240"}],"version-history":[{"count":40,"href":"https:\/\/naowilcox.com\/en\/wp-json\/wp\/v2\/pages\/240\/revisions"}],"predecessor-version":[{"id":1526,"href":"https:\/\/naowilcox.com\/en\/wp-json\/wp\/v2\/pages\/240\/revisions\/1526"}],"wp:attachment":[{"href":"https:\/\/naowilcox.com\/en\/wp-json\/wp\/v2\/media?parent=240"}],"curies":[{"name":"wp","href":"https:\/\/api.w.org\/{rel}","templated":true}]}}