{"id":191,"date":"2025-05-14T13:39:43","date_gmt":"2025-05-14T11:39:43","guid":{"rendered":"http:\/\/naowilcox2.desarrollowebda.com\/?page_id=191"},"modified":"2026-02-02T11:34:04","modified_gmt":"2026-02-02T10:34:04","slug":"tipologias","status":"publish","type":"page","link":"https:\/\/naowilcox.com\/en\/tipologias\/","title":{"rendered":"Typologies"},"content":{"rendered":"<div data-elementor-type=\"wp-page\" data-elementor-id=\"191\" class=\"elementor elementor-191\" data-elementor-post-type=\"page\">\n\t\t\t\t<div class=\"elementor-element elementor-element-4467407b e-flex e-con-boxed e-con e-parent\" data-id=\"4467407b\" data-element_type=\"container\" data-e-type=\"container\" data-settings=\"{&quot;background_background&quot;:&quot;classic&quot;}\">\n\t\t\t\t\t<div class=\"e-con-inner\">\n\t\t<div class=\"elementor-element elementor-element-1307a19a e-flex e-con-boxed e-con e-child\" data-id=\"1307a19a\" data-element_type=\"container\" data-e-type=\"container\">\n\t\t\t\t\t<div class=\"e-con-inner\">\n\t\t\t\t<div class=\"elementor-element elementor-element-67b71d90 animated-slow elementor-widget__width-initial elementor-invisible elementor-widget elementor-widget-heading\" data-id=\"67b71d90\" data-element_type=\"widget\" data-e-type=\"widget\" data-settings=\"{&quot;_animation&quot;:&quot;fadeIn&quot;}\" data-widget_type=\"heading.default\">\n\t\t\t\t<div class=\"elementor-widget-container\">\n\t\t\t\t\t<h2 class=\"elementor-heading-title elementor-size-default\">Typologies<\/h2>\t\t\t\t<\/div>\n\t\t\t\t<\/div>\n\t\t\t\t<div class=\"elementor-element elementor-element-1a90ae7 elementor-widget__width-initial animated-slow elementor-widget-divider--view-line elementor-invisible elementor-widget elementor-widget-divider\" data-id=\"1a90ae7\" data-element_type=\"widget\" data-e-type=\"widget\" data-settings=\"{&quot;_animation&quot;:&quot;fadeIn&quot;}\" data-widget_type=\"divider.default\">\n\t\t\t\t<div class=\"elementor-widget-container\">\n\t\t\t\t\t\t\t<div class=\"elementor-divider\">\n\t\t\t<span class=\"elementor-divider-separator\">\n\t\t\t\t\t\t<\/span>\n\t\t<\/div>\n\t\t\t\t\t\t<\/div>\n\t\t\t\t<\/div>\n\t\t\t\t<div class=\"elementor-element elementor-element-5a47e168 elementor-widget__width-initial animated-slow elementor-invisible elementor-widget elementor-widget-text-editor\" data-id=\"5a47e168\" data-element_type=\"widget\" data-e-type=\"widget\" data-settings=\"{&quot;_animation&quot;:&quot;fadeIn&quot;}\" data-widget_type=\"text-editor.default\">\n\t\t\t\t<div class=\"elementor-widget-container\">\n\t\t\t\t\t\t\t\t\t<p class=\"translation-block\">In Residencial <strong>Nao<\/strong>, we offer homes designed to meet diverse needs and lifestyles in Ciudad Garena 10, Alcal\u00e1 de Henares. Our options include 2- and 3-bedroom homes.<\/p><p class=\"translation-block\">Ideal for different resident profiles, from young couples to families seeking comfort and functionality. Homes with <strong>spacious terraces<\/strong>, ground-floor units with private outdoor space for exclusive use, and top-floor units with spectacular views.<\/p>\t\t\t\t\t\t\t\t<\/div>\n\t\t\t\t<\/div>\n\t\t\t\t\t<\/div>\n\t\t\t\t<\/div>\n\t\t<div class=\"elementor-element elementor-element-a99207b e-con-full e-flex e-con e-child\" data-id=\"a99207b\" data-element_type=\"container\" data-e-type=\"container\">\n\t\t\t\t<div class=\"elementor-element elementor-element-4d54426 elementor-widget elementor-widget-button\" data-id=\"4d54426\" data-element_type=\"widget\" data-e-type=\"widget\" data-widget_type=\"button.default\">\n\t\t\t\t<div class=\"elementor-widget-container\">\n\t\t\t\t\t\t\t\t\t<div class=\"elementor-button-wrapper\">\n\t\t\t\t\t<a class=\"elementor-button elementor-button-link elementor-size-sm\" href=\"\/en\/pisos-2-dormitorios-la-garena\/\">\n\t\t\t\t\t\t<span class=\"elementor-button-content-wrapper\">\n\t\t\t\t\t\t\t\t\t<span class=\"elementor-button-text\">View details 2 bedrooms<\/span>\n\t\t\t\t\t<\/span>\n\t\t\t\t\t<\/a>\n\t\t\t\t<\/div>\n\t\t\t\t\t\t\t\t<\/div>\n\t\t\t\t<\/div>\n\t\t\t\t<div class=\"elementor-element elementor-element-b86c0c1 elementor-widget elementor-widget-button\" data-id=\"b86c0c1\" data-element_type=\"widget\" data-e-type=\"widget\" data-widget_type=\"button.default\">\n\t\t\t\t<div class=\"elementor-widget-container\">\n\t\t\t\t\t\t\t\t\t<div class=\"elementor-button-wrapper\">\n\t\t\t\t\t<a class=\"elementor-button elementor-button-link elementor-size-sm\" href=\"http:\/\/pisos-2-3-dormitorios-la-garena\/\">\n\t\t\t\t\t\t<span class=\"elementor-button-content-wrapper\">\n\t\t\t\t\t\t\t\t\t<span class=\"elementor-button-text\">View details 2 and 3 bedrooms<\/span>\n\t\t\t\t\t<\/span>\n\t\t\t\t\t<\/a>\n\t\t\t\t<\/div>\n\t\t\t\t\t\t\t\t<\/div>\n\t\t\t\t<\/div>\n\t\t\t\t<div class=\"elementor-element elementor-element-e419913 elementor-widget elementor-widget-button\" data-id=\"e419913\" data-element_type=\"widget\" data-e-type=\"widget\" data-widget_type=\"button.default\">\n\t\t\t\t<div class=\"elementor-widget-container\">\n\t\t\t\t\t\t\t\t\t<div class=\"elementor-button-wrapper\">\n\t\t\t\t\t<a class=\"elementor-button elementor-button-link elementor-size-sm\" href=\"\/en\/aticos-2-dormitorios-la-garena\/\">\n\t\t\t\t\t\t<span class=\"elementor-button-content-wrapper\">\n\t\t\t\t\t\t\t\t\t<span class=\"elementor-button-text\">View details 2 bedrooms<\/span>\n\t\t\t\t\t<\/span>\n\t\t\t\t\t<\/a>\n\t\t\t\t<\/div>\n\t\t\t\t\t\t\t\t<\/div>\n\t\t\t\t<\/div>\n\t\t\t\t<\/div>\n\t\t<div class=\"elementor-element elementor-element-915f321 e-con-full e-flex e-con e-child\" data-id=\"915f321\" data-element_type=\"container\" data-e-type=\"container\">\n\t\t\t\t<\/div>\n\t\t\t\t\t<\/div>\n\t\t\t\t<\/div>\n\t\t\t\t<\/div>","protected":false},"excerpt":{"rendered":"<p>Tipolog\u00edas En Residencial Nao, ofrecemos viviendas dise\u00f1adas para satisfacer diversas necesidades y estilos de vida en Ciudad Garena 10, Alcal\u00e1 de Henares. Nuestras opciones incluyen viviendas de 2 y 3 dormitorios. Ideales para diferentes perfiles de residentes, desde parejas j\u00f3venes hasta familias que buscan comodidad y funcionalidad. Viviendas con amplias terrazas, bajos con espacio libre &hellip; <\/p>\n<p class=\"link-more\"><a href=\"https:\/\/naowilcox.com\/en\/tipologias\/\" class=\"more-link\">Continue reading<span class=\"screen-reader-text\"> \u00abTipolog\u00edas\u00bb<\/span><\/a><\/p>","protected":false},"author":1,"featured_media":0,"parent":0,"menu_order":0,"comment_status":"closed","ping_status":"closed","template":"elementor_header_footer","meta":{"_monsterinsights_skip_tracking":false,"_monsterinsights_sitenote_active":false,"_monsterinsights_sitenote_note":"","_monsterinsights_sitenote_category":0,"footnotes":""},"class_list":["post-191","page","type-page","status-publish","hentry"],"yoast_head":"<!-- This site is optimized with the Yoast SEO plugin v27.4 - https:\/\/yoast.com\/product\/yoast-seo-wordpress\/ -->\n<title>Tipolog\u00edas - Naowilcox<\/title>\n<meta name=\"robots\" content=\"index, follow, max-snippet:-1, max-image-preview:large, max-video-preview:-1\" \/>\n<link rel=\"canonical\" href=\"https:\/\/naowilcox.com\/en\/tipologias\/\" \/>\n<meta property=\"og:locale\" content=\"en_US\" \/>\n<meta property=\"og:type\" content=\"article\" \/>\n<meta property=\"og:title\" content=\"Tipolog\u00edas - Naowilcox\" \/>\n<meta property=\"og:description\" content=\"Tipolog\u00edas En Residencial Nao, ofrecemos viviendas dise\u00f1adas para satisfacer diversas necesidades y estilos de vida en Ciudad Garena 10, Alcal\u00e1 de Henares. Nuestras opciones incluyen viviendas de 2 y 3 dormitorios. Ideales para diferentes perfiles de residentes, desde parejas j\u00f3venes hasta familias que buscan comodidad y funcionalidad. Viviendas con amplias terrazas, bajos con espacio libre &hellip; Continue reading &quot;Tipolog\u00edas&quot;\" \/>\n<meta property=\"og:url\" content=\"https:\/\/naowilcox.com\/en\/tipologias\/\" \/>\n<meta property=\"og:site_name\" content=\"Naowilcox\" \/>\n<meta property=\"article:modified_time\" content=\"2026-02-02T10:34:04+00:00\" \/>\n<meta name=\"twitter:card\" content=\"summary_large_image\" \/>\n<meta name=\"twitter:label1\" content=\"Est. reading time\" \/>\n\t<meta name=\"twitter:data1\" content=\"1 minute\" \/>\n<script type=\"application\/ld+json\" class=\"yoast-schema-graph\">{\"@context\":\"https:\\\/\\\/schema.org\",\"@graph\":[{\"@type\":\"WebPage\",\"@id\":\"https:\\\/\\\/naowilcox.com\\\/tipologias\\\/\",\"url\":\"https:\\\/\\\/naowilcox.com\\\/tipologias\\\/\",\"name\":\"Tipolog\u00edas - Naowilcox\",\"isPartOf\":{\"@id\":\"https:\\\/\\\/naowilcox.com\\\/#website\"},\"datePublished\":\"2025-05-14T11:39:43+00:00\",\"dateModified\":\"2026-02-02T10:34:04+00:00\",\"breadcrumb\":{\"@id\":\"https:\\\/\\\/naowilcox.com\\\/tipologias\\\/#breadcrumb\"},\"inLanguage\":\"en-US\",\"potentialAction\":[{\"@type\":\"ReadAction\",\"target\":[\"https:\\\/\\\/naowilcox.com\\\/tipologias\\\/\"]}]},{\"@type\":\"BreadcrumbList\",\"@id\":\"https:\\\/\\\/naowilcox.com\\\/tipologias\\\/#breadcrumb\",\"itemListElement\":[{\"@type\":\"ListItem\",\"position\":1,\"name\":\"Portada\",\"item\":\"https:\\\/\\\/naowilcox.com\\\/\"},{\"@type\":\"ListItem\",\"position\":2,\"name\":\"Tipolog\u00edas\"}]},{\"@type\":\"WebSite\",\"@id\":\"https:\\\/\\\/naowilcox.com\\\/#website\",\"url\":\"https:\\\/\\\/naowilcox.com\\\/\",\"name\":\"Naowilcox\",\"description\":\"\",\"publisher\":{\"@id\":\"https:\\\/\\\/naowilcox.com\\\/#organization\"},\"potentialAction\":[{\"@type\":\"SearchAction\",\"target\":{\"@type\":\"EntryPoint\",\"urlTemplate\":\"https:\\\/\\\/naowilcox.com\\\/?s={search_term_string}\"},\"query-input\":{\"@type\":\"PropertyValueSpecification\",\"valueRequired\":true,\"valueName\":\"search_term_string\"}}],\"inLanguage\":\"en-US\"},{\"@type\":\"Organization\",\"@id\":\"https:\\\/\\\/naowilcox.com\\\/#organization\",\"name\":\"Naowilcox\",\"url\":\"https:\\\/\\\/naowilcox.com\\\/\",\"logo\":{\"@type\":\"ImageObject\",\"inLanguage\":\"en-US\",\"@id\":\"https:\\\/\\\/naowilcox.com\\\/#\\\/schema\\\/logo\\\/image\\\/\",\"url\":\"https:\\\/\\\/naowilcox.com\\\/wp-content\\\/uploads\\\/2025\\\/05\\\/NAO-SOLO.png\",\"contentUrl\":\"https:\\\/\\\/naowilcox.com\\\/wp-content\\\/uploads\\\/2025\\\/05\\\/NAO-SOLO.png\",\"width\":340,\"height\":156,\"caption\":\"Naowilcox\"},\"image\":{\"@id\":\"https:\\\/\\\/naowilcox.com\\\/#\\\/schema\\\/logo\\\/image\\\/\"}}]}<\/script>\n<!-- \/ Yoast SEO plugin. -->","yoast_head_json":{"title":"Tipolog\u00edas - Naowilcox","robots":{"index":"index","follow":"follow","max-snippet":"max-snippet:-1","max-image-preview":"max-image-preview:large","max-video-preview":"max-video-preview:-1"},"canonical":"https:\/\/naowilcox.com\/en\/tipologias\/","og_locale":"en_US","og_type":"article","og_title":"Tipolog\u00edas - Naowilcox","og_description":"Tipolog\u00edas En Residencial Nao, ofrecemos viviendas dise\u00f1adas para satisfacer diversas necesidades y estilos de vida en Ciudad Garena 10, Alcal\u00e1 de Henares. Nuestras opciones incluyen viviendas de 2 y 3 dormitorios. Ideales para diferentes perfiles de residentes, desde parejas j\u00f3venes hasta familias que buscan comodidad y funcionalidad. Viviendas con amplias terrazas, bajos con espacio libre &hellip; Continue reading \"Tipolog\u00edas\"","og_url":"https:\/\/naowilcox.com\/en\/tipologias\/","og_site_name":"Naowilcox","article_modified_time":"2026-02-02T10:34:04+00:00","twitter_card":"summary_large_image","twitter_misc":{"Est. reading time":"1 minute"},"schema":{"@context":"https:\/\/schema.org","@graph":[{"@type":"WebPage","@id":"https:\/\/naowilcox.com\/tipologias\/","url":"https:\/\/naowilcox.com\/tipologias\/","name":"Tipolog\u00edas - Naowilcox","isPartOf":{"@id":"https:\/\/naowilcox.com\/#website"},"datePublished":"2025-05-14T11:39:43+00:00","dateModified":"2026-02-02T10:34:04+00:00","breadcrumb":{"@id":"https:\/\/naowilcox.com\/tipologias\/#breadcrumb"},"inLanguage":"en-US","potentialAction":[{"@type":"ReadAction","target":["https:\/\/naowilcox.com\/tipologias\/"]}]},{"@type":"BreadcrumbList","@id":"https:\/\/naowilcox.com\/tipologias\/#breadcrumb","itemListElement":[{"@type":"ListItem","position":1,"name":"Portada","item":"https:\/\/naowilcox.com\/"},{"@type":"ListItem","position":2,"name":"Tipolog\u00edas"}]},{"@type":"WebSite","@id":"https:\/\/naowilcox.com\/#website","url":"https:\/\/naowilcox.com\/","name":"Naowilcox","description":"","publisher":{"@id":"https:\/\/naowilcox.com\/#organization"},"potentialAction":[{"@type":"SearchAction","target":{"@type":"EntryPoint","urlTemplate":"https:\/\/naowilcox.com\/?s={search_term_string}"},"query-input":{"@type":"PropertyValueSpecification","valueRequired":true,"valueName":"search_term_string"}}],"inLanguage":"en-US"},{"@type":"Organization","@id":"https:\/\/naowilcox.com\/#organization","name":"Naowilcox","url":"https:\/\/naowilcox.com\/","logo":{"@type":"ImageObject","inLanguage":"en-US","@id":"https:\/\/naowilcox.com\/#\/schema\/logo\/image\/","url":"https:\/\/naowilcox.com\/wp-content\/uploads\/2025\/05\/NAO-SOLO.png","contentUrl":"https:\/\/naowilcox.com\/wp-content\/uploads\/2025\/05\/NAO-SOLO.png","width":340,"height":156,"caption":"Naowilcox"},"image":{"@id":"https:\/\/naowilcox.com\/#\/schema\/logo\/image\/"}}]}},"_links":{"self":[{"href":"https:\/\/naowilcox.com\/en\/wp-json\/wp\/v2\/pages\/191","targetHints":{"allow":["GET"]}}],"collection":[{"href":"https:\/\/naowilcox.com\/en\/wp-json\/wp\/v2\/pages"}],"about":[{"href":"https:\/\/naowilcox.com\/en\/wp-json\/wp\/v2\/types\/page"}],"author":[{"embeddable":true,"href":"https:\/\/naowilcox.com\/en\/wp-json\/wp\/v2\/users\/1"}],"replies":[{"embeddable":true,"href":"https:\/\/naowilcox.com\/en\/wp-json\/wp\/v2\/comments?post=191"}],"version-history":[{"count":106,"href":"https:\/\/naowilcox.com\/en\/wp-json\/wp\/v2\/pages\/191\/revisions"}],"predecessor-version":[{"id":1637,"href":"https:\/\/naowilcox.com\/en\/wp-json\/wp\/v2\/pages\/191\/revisions\/1637"}],"wp:attachment":[{"href":"https:\/\/naowilcox.com\/en\/wp-json\/wp\/v2\/media?parent=191"}],"curies":[{"name":"wp","href":"https:\/\/api.w.org\/{rel}","templated":true}]}}